{"id":687,"date":"2025-01-08T14:25:41","date_gmt":"2025-01-08T14:25:41","guid":{"rendered":"https:\/\/www.elated-haslett.185-252-166-161.plesk.page\/?page_id=687"},"modified":"2025-01-08T15:05:24","modified_gmt":"2025-01-08T15:05:24","slug":"impressum","status":"publish","type":"page","link":"https:\/\/www.elated-haslett.185-252-166-161.plesk.page\/index.php\/impressum\/","title":{"rendered":"Impressum"},"content":{"rendered":"\t\t<div data-elementor-type=\"wp-page\" data-elementor-id=\"687\" class=\"elementor elementor-687\" data-elementor-post-type=\"page\">\n\t\t\t\t<div class=\"elementor-element elementor-element-5f88c669 e-flex e-con-boxed e-con e-parent\" data-id=\"5f88c669\" data-element_type=\"container\">\n\t\t\t\t\t<div class=\"e-con-inner\">\n\t\t\t\t<div class=\"elementor-element elementor-element-6b05af9e elementor-widget elementor-widget-text-editor\" data-id=\"6b05af9e\" data-element_type=\"widget\" data-widget_type=\"text-editor.default\">\n\t\t\t\t<div class=\"elementor-widget-container\">\n\t\t\t\t\t\t\t\t\t<p>Diese Website wird betrieben von der Lechenicher Narrenzunft 1936 e.V. (&#8222;LNZ&#8220;).<\/p><p>Lechenicher Narrenzunft 1936 e.V.<\/p><p>Pr\u00e4sident: Michael Schmalen<\/p><p>Vertretungsberechtigte Gesch\u00e4ftsf\u00fchrerin: Christiane Euskirchen\u00a0\u00a0\u00a0\u00a0\u00a0\u00a0\u00a0\u00a0\u00a0\u00a0<\/p><p>Gesch\u00e4ftsstelle:<\/p><p>An der Baumschule 19, D-50374 Erftstadt, Deutschland\u00a0\u00a0\u00a0\u00a0\u00a0\u00a0\u00a0 \u00a0 \u00a0 \u00a0 \u00a0 \u00a0 \u00a0 \u00a0 \u00a0 \u00a0 \u00a0 \u00a0 \u00a0 \u00a0 \u00a0\u00a0\u00a0\u00a0<\/p><p>Tel.: +49 2235 690236\u00a0\u00a0\u00a0 Fax:\u00a0 +49 2235 71982\u00a0\u00a0\u00a0<a href=\"mailto:praesident@lechenicher-narrenzunft.de\">praesident@lechenicher-narrenzunft.de<\/a><\/p><p>Internet:\u00a0<a href=\"http:\/\/www.lechenicher-narrenzunft.de\/\">www.lechenicher-narrenzunft.de<\/a><\/p><p>Registergericht: Amtsgericht K\u00f6ln<br \/>Vereinsregisternummer: VR 700751<\/p><p>Mitglied im Bund \u201eDeutscher Karneval\u201c Nr. 2049<\/p><p>Inhaltlich Verantwortlicher gem\u00e4\u00df \u00a7 10 Absatz 3\u00a0MDStV:<br \/>Michael Schmalen, An der Baumschule 19, D-50374 Erftstadt, Deutschland<\/p><p>Zugang und Nutzung dieser Site unterliegen den hier erl\u00e4uterten Bedingungen und Konditionen sowie dem Recht der Bundesrepublik Deutschland unter Ausschluss des Internationalen Privatrechts und des UN-Kaufrechts. Wenn Sie diesen Nutzungsbedingungen nicht zustimmen wollen, besuchen Sie bitte nicht unsere Site.<\/p><p>Die LNZ wird sich angemessen bem\u00fchen, dass diese Website genaue und g\u00fcltige Informationen enth\u00e4lt. Die LNZ gibt keine Garantie und erhebt keinen Anspruch in Bezug auf die Genauigkeit und Eignung dieser Informationen f\u00fcr einen spezifischen Zweck.<\/p><p>Die Informationen auf dieser Website k\u00f6nnen ohne vorherige Bekanntgabe und ohne jegliche Verpflichtung ver\u00e4ndert oder neu gestaltet werden.<\/p><p><b><strong>Haftung<\/strong><\/b><\/p><p>Die LNZ haftet f\u00fcr keinerlei Sch\u00e4den, die aus der Nutzung dieser Website resultieren.<\/p><p>Dies schlie\u00dft ohne Einschr\u00e4nkung jeglichen Schaden oder entgangenen Gewinn, Unterbrechung der Gesch\u00e4ftst\u00e4tigkeit, Verlust eines Programms oder anderer Daten auf Ihrem Datenverarbeitungssystem, oder einen anderen Schaden ein.<\/p><p><b><strong>Externe Links<\/strong><\/b><\/p><p>Diese Website kann Hyperlinks zu Nicht-LNZ-Websites enthalten. Die LNZ kann den Inhalt dieser Websites weder kontrollieren noch beeinflussen.<\/p><p>Die LNZ \u00fcbernimmt keinerlei Haftung f\u00fcr eine Website, die einem Dritten geh\u00f6rt, und zu der Sie \u00fcber diese Website Zugang finden.<\/p><p><b><strong>Copyright<\/strong><\/b><\/p><p>Der Inhalt dieser Website ist durch das Urheberrecht gesch\u00fctzt:<\/p><p>Lechenicher Narrenzunft 1936 e.V.<br \/>An der Baumschule 19<br \/>D-50374 Erftstadt, Deutschland<\/p><p>F\u00fcr Ihren privaten, nicht-gesch\u00e4ftlichen Gebrauch k\u00f6nnen Sie jedwedes hier ver\u00f6ffentlichte Material ansehen, kopieren, ausdrucken, speichern und verbreiten. Ver\u00e4nderungen des Website-Inhalts sind hiervon ausdr\u00fccklich ausgeschlossen.<\/p><p>Pressemitteilungen und andere zur Ver\u00f6ffentlichung als freigegeben gekennzeichnete Dokumente, Fotografien und Grafiken d\u00fcrfen in Pressever\u00f6ffentlichungen nur verwendet werden, wenn die LNZ als Quelle f\u00fcr die genutzte Information in der Pressever\u00f6ffentlichung genannt wird.<\/p><p>Auf jeder Kopie von Inhalten dieser Website muss der nachfolgende Copyright-Vermerk deutlich sichtbar angebracht werden:<\/p><p>Copyright \u00a9 2015<br \/>Lechenicher Narrenzunft 1936\u00a0e.V:<\/p><p>Jede andere Verwendung von Informationen dieser Website ist ohne ausdr\u00fcckliche Genehmigung der LNZ untersagt.<\/p>\t\t\t\t\t\t\t\t<\/div>\n\t\t\t\t<\/div>\n\t\t\t\t\t<\/div>\n\t\t\t\t<\/div>\n\t\t\t\t<\/div>\n\t\t","protected":false},"excerpt":{"rendered":"<p>Diese Website wird betrieben von der Lechenicher Narrenzunft 1936 e.V. (&#8222;LNZ&#8220;). Lechenicher Narrenzunft 1936 e.V. Pr\u00e4sident: Michael Schmalen Vertretungsberechtigte Gesch\u00e4ftsf\u00fchrerin: Christiane Euskirchen\u00a0\u00a0\u00a0\u00a0\u00a0\u00a0\u00a0\u00a0\u00a0\u00a0 Gesch\u00e4ftsstelle: An der Baumschule 19, D-50374 Erftstadt, Deutschland\u00a0\u00a0\u00a0\u00a0\u00a0\u00a0\u00a0 \u00a0 \u00a0 \u00a0 \u00a0 \u00a0 \u00a0 \u00a0 \u00a0 \u00a0 \u00a0 \u00a0 \u00a0 \u00a0 \u00a0\u00a0\u00a0\u00a0 Tel.: +49 2235 690236\u00a0\u00a0\u00a0 Fax:\u00a0 +49 2235 71982\u00a0\u00a0\u00a0praesident@lechenicher-narrenzunft.de Internet:\u00a0www.lechenicher-narrenzunft.de Registergericht: Amtsgericht [&hellip;]<\/p>\n","protected":false},"author":1,"featured_media":0,"parent":0,"menu_order":0,"comment_status":"closed","ping_status":"closed","template":"","meta":{"footnotes":""},"class_list":["post-687","page","type-page","status-publish","hentry"],"_links":{"self":[{"href":"https:\/\/www.elated-haslett.185-252-166-161.plesk.page\/index.php\/wp-json\/wp\/v2\/pages\/687","targetHints":{"allow":["GET"]}}],"collection":[{"href":"https:\/\/www.elated-haslett.185-252-166-161.plesk.page\/index.php\/wp-json\/wp\/v2\/pages"}],"about":[{"href":"https:\/\/www.elated-haslett.185-252-166-161.plesk.page\/index.php\/wp-json\/wp\/v2\/types\/page"}],"author":[{"embeddable":true,"href":"https:\/\/www.elated-haslett.185-252-166-161.plesk.page\/index.php\/wp-json\/wp\/v2\/users\/1"}],"replies":[{"embeddable":true,"href":"https:\/\/www.elated-haslett.185-252-166-161.plesk.page\/index.php\/wp-json\/wp\/v2\/comments?post=687"}],"version-history":[{"count":6,"href":"https:\/\/www.elated-haslett.185-252-166-161.plesk.page\/index.php\/wp-json\/wp\/v2\/pages\/687\/revisions"}],"predecessor-version":[{"id":792,"href":"https:\/\/www.elated-haslett.185-252-166-161.plesk.page\/index.php\/wp-json\/wp\/v2\/pages\/687\/revisions\/792"}],"wp:attachment":[{"href":"https:\/\/www.elated-haslett.185-252-166-161.plesk.page\/index.php\/wp-json\/wp\/v2\/media?parent=687"}],"curies":[{"name":"wp","href":"https:\/\/api.w.org\/{rel}","templated":true}]}}