{"id":663,"date":"2025-01-08T14:21:06","date_gmt":"2025-01-08T14:21:06","guid":{"rendered":"https:\/\/www.elated-haslett.185-252-166-161.plesk.page\/?page_id=663"},"modified":"2025-01-08T15:05:53","modified_gmt":"2025-01-08T15:05:53","slug":"der-vorstand","status":"publish","type":"page","link":"https:\/\/www.elated-haslett.185-252-166-161.plesk.page\/index.php\/der-vorstand\/","title":{"rendered":"Der Vorstand"},"content":{"rendered":"\t\t<div data-elementor-type=\"wp-page\" data-elementor-id=\"663\" class=\"elementor elementor-663\" data-elementor-post-type=\"page\">\n\t\t\t\t<div class=\"elementor-element elementor-element-22eeed8 e-flex e-con-boxed e-con e-parent\" data-id=\"22eeed8\" data-element_type=\"container\">\n\t\t\t\t\t<div class=\"e-con-inner\">\n\t\t\t\t<div class=\"elementor-element elementor-element-120a77a elementor-widget elementor-widget-text-editor\" data-id=\"120a77a\" data-element_type=\"widget\" data-widget_type=\"text-editor.default\">\n\t\t\t\t<div class=\"elementor-widget-container\">\n\t\t\t\t\t\t\t\t\t<p>erste Reihe v.l.n.r.: Engelbert Zepp, Michael Schmalen, Wolfgang Bamberger, obere Reihe v.l.n.r. Daniel D\u00f6rdelmann, Christiane Euskirchen, Peter Ludemann<\/p><p>Foto von Reiner Brock<\/p><p>Michael Schmalen (Pr\u00e4sident)<\/p><p>Engelbert Zepp (2. Vorsitzender)<\/p><p>Wolfgang Bamberger (3. Vorsitzender)<\/p><p>Christiane Euskirchen (Gesch\u00e4ftsf\u00fchrerin)<\/p><p>Peter Ludemann (Schatzmeister)<\/p><p>Daniel D\u00f6rdelmann (Literat)<\/p><p>bilden den gesch\u00e4ftsf\u00fchrenden Vorstand.<\/p><p>40 Beisitzern:<\/p><p>Julian Band<br \/>Hans Caspers<br \/>J\u00fcrgen Dohmeier<br \/>Ralf Gawlick<br \/>Werner Hanisch<br \/>Julia J\u00fc\u00dfen<br \/>Judith Kautz<br \/>Mirko Kautz<br \/>Alexander Klement<br \/>Manfred K\u00fchne<br \/>Herbert Luckner<br \/>Lisa Mager<br \/>Maria Makulla<br \/>Ingrid Moritz<br \/>Andrea Reker<br \/>Luca Scancella<br \/>Klara Schall<br \/>Martina Schall<br \/>Michael Schall<br \/>Paul Schall<br \/>Markus Schmalen<br \/>Katja Schmitz<br \/>Dany Schr\u00f6der<br \/>Jonas Schr\u00f6der<br \/>Yannick Schr\u00f6der<br \/>Ingrid Schw\u00e4rtzel<br \/>Claudia Sondermeyer<br \/>Dirk Sondermeyer<br \/>Nicole Sondermeyer<br \/>Michael Tro\u00e9<br \/>Wolfgang Ulrich<br \/>Isabella Weitz<br \/>Klaus Wesling<br \/>Anna Zepp<br \/>Bettina Zepp<br \/>Dietmar Zepp<br \/>Hermann Zepp<br \/>Lukas Zepp<br \/>Tobias Zepp<br \/>Pierre Smeets<\/p><p>Kassenpr\u00fcfer sind Jens Schnitzler und Christian Miltz<\/p>\t\t\t\t\t\t\t\t<\/div>\n\t\t\t\t<\/div>\n\t\t\t\t\t<\/div>\n\t\t\t\t<\/div>\n\t\t\t\t<\/div>\n\t\t","protected":false},"excerpt":{"rendered":"<p>erste Reihe v.l.n.r.: Engelbert Zepp, Michael Schmalen, Wolfgang Bamberger, obere Reihe v.l.n.r. Daniel D\u00f6rdelmann, Christiane Euskirchen, Peter Ludemann Foto von Reiner Brock Michael Schmalen (Pr\u00e4sident) Engelbert Zepp (2. Vorsitzender) Wolfgang Bamberger (3. Vorsitzender) Christiane Euskirchen (Gesch\u00e4ftsf\u00fchrerin) Peter Ludemann (Schatzmeister) Daniel D\u00f6rdelmann (Literat) bilden den gesch\u00e4ftsf\u00fchrenden Vorstand. 40 Beisitzern: Julian BandHans CaspersJ\u00fcrgen DohmeierRalf GawlickWerner HanischJulia J\u00fc\u00dfenJudith [&hellip;]<\/p>\n","protected":false},"author":1,"featured_media":0,"parent":0,"menu_order":0,"comment_status":"closed","ping_status":"closed","template":"","meta":{"footnotes":""},"class_list":["post-663","page","type-page","status-publish","hentry"],"_links":{"self":[{"href":"https:\/\/www.elated-haslett.185-252-166-161.plesk.page\/index.php\/wp-json\/wp\/v2\/pages\/663","targetHints":{"allow":["GET"]}}],"collection":[{"href":"https:\/\/www.elated-haslett.185-252-166-161.plesk.page\/index.php\/wp-json\/wp\/v2\/pages"}],"about":[{"href":"https:\/\/www.elated-haslett.185-252-166-161.plesk.page\/index.php\/wp-json\/wp\/v2\/types\/page"}],"author":[{"embeddable":true,"href":"https:\/\/www.elated-haslett.185-252-166-161.plesk.page\/index.php\/wp-json\/wp\/v2\/users\/1"}],"replies":[{"embeddable":true,"href":"https:\/\/www.elated-haslett.185-252-166-161.plesk.page\/index.php\/wp-json\/wp\/v2\/comments?post=663"}],"version-history":[{"count":11,"href":"https:\/\/www.elated-haslett.185-252-166-161.plesk.page\/index.php\/wp-json\/wp\/v2\/pages\/663\/revisions"}],"predecessor-version":[{"id":795,"href":"https:\/\/www.elated-haslett.185-252-166-161.plesk.page\/index.php\/wp-json\/wp\/v2\/pages\/663\/revisions\/795"}],"wp:attachment":[{"href":"https:\/\/www.elated-haslett.185-252-166-161.plesk.page\/index.php\/wp-json\/wp\/v2\/media?parent=663"}],"curies":[{"name":"wp","href":"https:\/\/api.w.org\/{rel}","templated":true}]}}