{"id":36,"date":"2024-08-21T07:10:32","date_gmt":"2024-08-21T07:10:32","guid":{"rendered":"https:\/\/www.elated-haslett.185-252-166-161.plesk.page\/index.php\/contact\/"},"modified":"2025-01-08T14:59:40","modified_gmt":"2025-01-08T14:59:40","slug":"kontakt","status":"publish","type":"page","link":"https:\/\/www.elated-haslett.185-252-166-161.plesk.page\/index.php\/kontakt\/","title":{"rendered":"Kontakt"},"content":{"rendered":"\t\t<div data-elementor-type=\"wp-page\" data-elementor-id=\"36\" class=\"elementor elementor-36\" data-elementor-post-type=\"page\">\n\t\t\t\t<div class=\"elementor-element elementor-element-523c8098 e-flex e-con-boxed e-con e-parent\" data-id=\"523c8098\" data-element_type=\"container\">\n\t\t\t\t\t<div class=\"e-con-inner\">\n\t\t\t\t<div class=\"elementor-element elementor-element-4b5dfdf elementor-widget elementor-widget-text-editor\" data-id=\"4b5dfdf\" data-element_type=\"widget\" data-widget_type=\"text-editor.default\">\n\t\t\t\t<div class=\"elementor-widget-container\">\n\t\t\t\t\t\t\t\t\t<p>Nehmen Sie mit uns Kontakt auf:<\/p><p>\u00a0<\/p><p>Lechenicher Narrenzunft 1936 e.V.<\/p><p>\u00a0<\/p><p>Pr\u00e4sident: Michael Schmalen<br \/>An der Baumschule 19, 50374 Erftstadt\u00a0<br \/>Tel.: 02235\/690236, Fax: 02235\/71982<\/p><p>\u00a0<\/p><p>Gesch\u00e4ftsf\u00fchrerin: Christiane Euskirchen<br \/>Georgstra\u00dfe 70, 50374 Erftstadt<br \/>Tel.: 02235\/67262<\/p><p>\u00a0<\/p><p><a href=\"mailto:praesident@lechenicher-narrenzunft.de\">praesident@lechenicher-narrenzunft.de<\/a><\/p><p>\u00a0<\/p>\t\t\t\t\t\t\t\t<\/div>\n\t\t\t\t<\/div>\n\t\t\t\t<div class=\"elementor-element elementor-element-6b67e45f elementor-widget elementor-widget-heading\" data-id=\"6b67e45f\" data-element_type=\"widget\" data-widget_type=\"heading.default\">\n\t\t\t\t<div class=\"elementor-widget-container\">\n\t\t\t\t\t<h3 class=\"elementor-heading-title elementor-size-default\">We'd love to hear from you<\/h3>\t\t\t\t<\/div>\n\t\t\t\t<\/div>\n\t\t\t\t<div class=\"elementor-element elementor-element-365c3969 elementor-widget elementor-widget-text-editor\" data-id=\"365c3969\" data-element_type=\"widget\" data-widget_type=\"text-editor.default\">\n\t\t\t\t<div class=\"elementor-widget-container\">\n\t\t\t\t\t\t\t\t\t<p>Collect visitor\u2019s submissions and store them directly in your Elementor account, or integrate your favorite marketing &amp; CRM tools.<\/p>\t\t\t\t\t\t\t\t<\/div>\n\t\t\t\t<\/div>\n\t\t\t\t<div class=\"elementor-element elementor-element-7304aaba elementor-button-align-start elementor-mobile-button-align-start elementor-widget elementor-widget-form\" data-id=\"7304aaba\" data-element_type=\"widget\" data-settings=\"{&quot;step_next_label&quot;:&quot;Next&quot;,&quot;step_previous_label&quot;:&quot;Previous&quot;,&quot;button_width&quot;:&quot;100&quot;,&quot;step_type&quot;:&quot;number_text&quot;,&quot;step_icon_shape&quot;:&quot;circle&quot;}\" data-widget_type=\"form.default\">\n\t\t\t\t<div class=\"elementor-widget-container\">\n\t\t\t\t\t\t\t<form class=\"elementor-form\" method=\"post\" name=\"Contact Form\">\n\t\t\t<input type=\"hidden\" name=\"post_id\" value=\"36\"\/>\n\t\t\t<input type=\"hidden\" name=\"form_id\" value=\"7304aaba\"\/>\n\t\t\t<input type=\"hidden\" name=\"referer_title\" value=\"Kontakt\" \/>\n\n\t\t\t\t\t\t\t<input type=\"hidden\" name=\"queried_id\" value=\"36\"\/>\n\t\t\t\n\t\t\t<div class=\"elementor-form-fields-wrapper elementor-labels-\">\n\t\t\t\t\t\t\t\t<div class=\"elementor-field-type-text elementor-field-group elementor-column elementor-field-group-field_d5c06d1 elementor-col-50\">\n\t\t\t\t\t\t\t\t\t\t\t\t<label for=\"form-field-field_d5c06d1\" class=\"elementor-field-label elementor-screen-only\">\n\t\t\t\t\t\t\t\tName\t\t\t\t\t\t\t<\/label>\n\t\t\t\t\t\t\t\t\t\t\t\t\t\t<input size=\"1\" type=\"text\" name=\"form_fields[field_d5c06d1]\" id=\"form-field-field_d5c06d1\" class=\"elementor-field elementor-size-sm  elementor-field-textual\" placeholder=\"Name\">\n\t\t\t\t\t\t\t\t\t\t\t<\/div>\n\t\t\t\t\t\t\t\t<div class=\"elementor-field-type-email elementor-field-group elementor-column elementor-field-group-field_1 elementor-col-50 elementor-field-required\">\n\t\t\t\t\t\t\t\t\t\t\t\t<label for=\"form-field-field_1\" class=\"elementor-field-label elementor-screen-only\">\n\t\t\t\t\t\t\t\tEmail\t\t\t\t\t\t\t<\/label>\n\t\t\t\t\t\t\t\t\t\t\t\t\t\t<input size=\"1\" type=\"email\" name=\"form_fields[field_1]\" id=\"form-field-field_1\" class=\"elementor-field elementor-size-sm  elementor-field-textual\" placeholder=\"Email\" required=\"required\" aria-required=\"true\">\n\t\t\t\t\t\t\t\t\t\t\t<\/div>\n\t\t\t\t\t\t\t\t<div class=\"elementor-field-type-text elementor-field-group elementor-column elementor-field-group-field_cc83741 elementor-col-100\">\n\t\t\t\t\t\t\t\t\t\t\t\t<label for=\"form-field-field_cc83741\" class=\"elementor-field-label elementor-screen-only\">\n\t\t\t\t\t\t\t\tSubject\t\t\t\t\t\t\t<\/label>\n\t\t\t\t\t\t\t\t\t\t\t\t\t\t<input size=\"1\" type=\"text\" name=\"form_fields[field_cc83741]\" id=\"form-field-field_cc83741\" class=\"elementor-field elementor-size-sm  elementor-field-textual\" placeholder=\"Subject\">\n\t\t\t\t\t\t\t\t\t\t\t<\/div>\n\t\t\t\t\t\t\t\t<div class=\"elementor-field-type-textarea elementor-field-group elementor-column elementor-field-group-field_22322a7 elementor-col-100\">\n\t\t\t\t\t\t\t\t\t\t\t\t<label for=\"form-field-field_22322a7\" class=\"elementor-field-label elementor-screen-only\">\n\t\t\t\t\t\t\t\tMessage\t\t\t\t\t\t\t<\/label>\n\t\t\t\t\t\t<textarea class=\"elementor-field-textual elementor-field  elementor-size-sm\" name=\"form_fields[field_22322a7]\" id=\"form-field-field_22322a7\" rows=\"3\" placeholder=\"Message\"><\/textarea>\t\t\t\t<\/div>\n\t\t\t\t\t\t\t\t<div class=\"elementor-field-group elementor-column elementor-field-type-submit elementor-col-100 e-form__buttons\">\n\t\t\t\t\t<button class=\"elementor-button elementor-size-sm\" type=\"submit\">\n\t\t\t\t\t\t<span class=\"elementor-button-content-wrapper\">\n\t\t\t\t\t\t\t\t\t\t\t\t\t\t\t<span class=\"elementor-button-icon\">\n\t\t\t\t\t\t\t\t\t<svg xmlns=\"http:\/\/www.w3.org\/2000\/svg\" id=\"bb19cefa-da70-4c4e-8494-ad25bbd47839\" data-name=\"Layer 1\" width=\"32.9204\" height=\"17.832\" viewBox=\"0 0 32.9204 17.832\"><polygon points=\"31.858 8.055 31.858 8.016 31.817 8.016 23.417 0 22.036 1.447 28.931 8.026 0 8.026 0.007 10.026 28.928 10.026 22.048 16.361 23.404 17.832 32.92 9.069 31.858 8.055\"><\/polygon><\/svg>\t\t\t\t\t\t\t\t\t\t\t\t\t\t\t\t\t<\/span>\n\t\t\t\t\t\t\t\t\t\t\t\t\t\t\t\t\t\t\t\t\t\t<span class=\"elementor-button-text\">Send<\/span>\n\t\t\t\t\t\t\t\t\t\t\t\t\t<\/span>\n\t\t\t\t\t<\/button>\n\t\t\t\t<\/div>\n\t\t\t<\/div>\n\t\t<\/form>\n\t\t\t\t\t\t<\/div>\n\t\t\t\t<\/div>\n\t\t\t\t\t<\/div>\n\t\t\t\t<\/div>\n\t\t\t\t<\/div>\n\t\t","protected":false},"excerpt":{"rendered":"<p>Nehmen Sie mit uns Kontakt auf: \u00a0 Lechenicher Narrenzunft 1936 e.V. \u00a0 Pr\u00e4sident: Michael SchmalenAn der Baumschule 19, 50374 Erftstadt\u00a0Tel.: 02235\/690236, Fax: 02235\/71982 \u00a0 Gesch\u00e4ftsf\u00fchrerin: Christiane EuskirchenGeorgstra\u00dfe 70, 50374 ErftstadtTel.: 02235\/67262 \u00a0 praesident@lechenicher-narrenzunft.de \u00a0 We&#8217;d love to hear from you Collect visitor\u2019s submissions and store them directly in your Elementor account, or integrate your favorite [&hellip;]<\/p>\n","protected":false},"author":1,"featured_media":40,"parent":0,"menu_order":0,"comment_status":"closed","ping_status":"closed","template":"elementor_header_footer","meta":{"footnotes":""},"class_list":["post-36","page","type-page","status-publish","has-post-thumbnail","hentry"],"_links":{"self":[{"href":"https:\/\/www.elated-haslett.185-252-166-161.plesk.page\/index.php\/wp-json\/wp\/v2\/pages\/36","targetHints":{"allow":["GET"]}}],"collection":[{"href":"https:\/\/www.elated-haslett.185-252-166-161.plesk.page\/index.php\/wp-json\/wp\/v2\/pages"}],"about":[{"href":"https:\/\/www.elated-haslett.185-252-166-161.plesk.page\/index.php\/wp-json\/wp\/v2\/types\/page"}],"author":[{"embeddable":true,"href":"https:\/\/www.elated-haslett.185-252-166-161.plesk.page\/index.php\/wp-json\/wp\/v2\/users\/1"}],"replies":[{"embeddable":true,"href":"https:\/\/www.elated-haslett.185-252-166-161.plesk.page\/index.php\/wp-json\/wp\/v2\/comments?post=36"}],"version-history":[{"count":14,"href":"https:\/\/www.elated-haslett.185-252-166-161.plesk.page\/index.php\/wp-json\/wp\/v2\/pages\/36\/revisions"}],"predecessor-version":[{"id":766,"href":"https:\/\/www.elated-haslett.185-252-166-161.plesk.page\/index.php\/wp-json\/wp\/v2\/pages\/36\/revisions\/766"}],"wp:featuredmedia":[{"embeddable":true,"href":"https:\/\/www.elated-haslett.185-252-166-161.plesk.page\/index.php\/wp-json\/wp\/v2\/media\/40"}],"wp:attachment":[{"href":"https:\/\/www.elated-haslett.185-252-166-161.plesk.page\/index.php\/wp-json\/wp\/v2\/media?parent=36"}],"curies":[{"name":"wp","href":"https:\/\/api.w.org\/{rel}","templated":true}]}}