{"id":322,"date":"2024-11-25T21:21:06","date_gmt":"2024-11-25T21:21:06","guid":{"rendered":"https:\/\/www.elated-haslett.185-252-166-161.plesk.page\/?page_id=322"},"modified":"2025-01-08T15:13:33","modified_gmt":"2025-01-08T15:13:33","slug":"der-senat","status":"publish","type":"page","link":"https:\/\/www.elated-haslett.185-252-166-161.plesk.page\/index.php\/der-senat\/","title":{"rendered":"Der Senat"},"content":{"rendered":"\t\t<div data-elementor-type=\"wp-page\" data-elementor-id=\"322\" class=\"elementor elementor-322\" data-elementor-post-type=\"page\">\n\t\t\t\t<div class=\"elementor-element elementor-element-b8655b2 e-flex e-con-boxed e-con e-parent\" data-id=\"b8655b2\" data-element_type=\"container\">\n\t\t\t\t\t<div class=\"e-con-inner\">\n\t\t<div class=\"elementor-element elementor-element-6047a74 e-con-full e-flex e-con e-child\" data-id=\"6047a74\" data-element_type=\"container\">\n\t\t\t\t<\/div>\n\t\t\t\t<div class=\"elementor-element elementor-element-7ec4f0c elementor-widget elementor-widget-theme-post-title elementor-page-title elementor-widget-heading\" data-id=\"7ec4f0c\" data-element_type=\"widget\" data-widget_type=\"theme-post-title.default\">\n\t\t\t\t<div class=\"elementor-widget-container\">\n\t\t\t\t\t<h1 class=\"elementor-heading-title elementor-size-default\">Der Senat<\/h1>\t\t\t\t<\/div>\n\t\t\t\t<\/div>\n\t\t\t\t<div class=\"elementor-element elementor-element-e748fbf elementor-widget elementor-widget-text-editor\" data-id=\"e748fbf\" data-element_type=\"widget\" data-widget_type=\"text-editor.default\">\n\t\t\t\t<div class=\"elementor-widget-container\">\n\t\t\t\t\t\t\t\t\t<h3><em><strong>Der Senat<\/strong><\/em><\/h3><p>Der Senat unterst\u00fctzt die Lechenicher Narrenzunft bei der Pflege des rheinischen Brauchtums und durch Mitgestaltung im Karneval. Er besteht aus 20 Senatoren. Gegr\u00fcndet wurde er im Jahr 1984.<\/p><p><br \/><img decoding=\"async\" src=\"https:\/\/www.lechenicher-narrenzunft.de\/data\/uploads\/2020\/bild1.png\" alt=\"\" \/><img decoding=\"async\" src=\"https:\/\/www.lechenicher-narrenzunft.de\/data\/uploads\/2020\/bild2.png\" alt=\"\" \/><br \/>Der Senat 2019\u00a0 \u00a0 \u00a0 \u00a0 \u00a0 \u00a0 \u00a0 \u00a0 \u00a0 \u00a0 \u00a0 \u00a0 \u00a0 \u00a0 \u00a0 \u00a0 \u00a0 \u00a0 \u00a0 \u00a0 \u00a0 \u00a0 \u00a0 \u00a0 \u00a0 \u00a0 \u00a0 \u00a0 \u00a0 \u00a0 \u00a0 \u00a0 \u00a0 \u00a0 \u00a0 \u00a0 \u00a0 \u00a0 \u00a0 \u00a0 \u00a0 \u00a0Die Senatsdamen<\/p><p>Jedes Jahr verleiht der Senat im Rahmen des Senatsfr\u00fchst\u00fccks den \u201eWindb\u00fcggelorden\u201c an Mitb\u00fcrger, die sich um die Gemeinschaft und den Karneval in Lechenich verdient gemacht haben. Es treffen sich G\u00e4ste, karnevalistische W\u00fcrdentr\u00e4ger, Ex-Tollit\u00e4ten und fr\u00fchere Windb\u00fcggelsordenstr\u00e4ger, die im Rahmen eines unterhaltsamen Programms bewirtet werden.<br \/>Weiberfastnacht feiert der Senat im \u201eAmtsgericht\u201c mit vielen Freunden die Senats-Weiberfastnachtsparty mit Musik, Getr\u00e4nken und Snacks im karnevalistischen Ambiente.<br \/>Karnevalssonntag ist er mit einem Trib\u00fcnenwagen auf dem Lechenicher Markt vertreten, in dessen Umgebung G\u00e4ste und Passanten kostenlos mit Getr\u00e4nken und kleinen H\u00e4ppchen versorgt werden.<br \/>Seit 2016 nimmt er mit einem Gro\u00dfwagen am Karnevalszug teil, auf dem dann meist der Windb\u00fcggelordenstr\u00e4ger mitf\u00e4hrt.<br \/>Zu den Aufgaben des Senats geh\u00f6rt die F\u00f6rderung der Kinder- und Jugendarbeit der LNZ<br \/>Auch au\u00dferhalb der Karnevalssession werden Brauchtum, Gemeinschaft und Freundschaft in regelm\u00e4\u00dfigen Treffen beim Senatsstammtisch und der Senatsrunde gepflegt.<\/p><p><img decoding=\"async\" src=\"https:\/\/www.lechenicher-narrenzunft.de\/data\/uploads\/2020\/bild3.png\" alt=\"\" \/>\u00a0 \u00a0Alle 3 Jahre w\u00e4hlt der Senat seinen Pr\u00e4sidenten.<br \/>\u00a0 \u00a0Seit 2019 ist Peter Smeets Senatspr\u00e4sident.<\/p><p>\u00a0<\/p>\t\t\t\t\t\t\t\t<\/div>\n\t\t\t\t<\/div>\n\t\t<div class=\"elementor-element elementor-element-213bd07 e-grid e-con-full e-con e-child\" data-id=\"213bd07\" data-element_type=\"container\">\n\t\t\t\t<\/div>\n\t\t\t\t\t<\/div>\n\t\t\t\t<\/div>\n\t\t\t\t<\/div>\n\t\t","protected":false},"excerpt":{"rendered":"<p>Der Senat Der Senat unterst\u00fctzt die Lechenicher Narrenzunft bei der Pflege des rheinischen Brauchtums und durch Mitgestaltung im Karneval. Er besteht aus 20 Senatoren. Gegr\u00fcndet wurde er im Jahr 1984. Der Senat 2019\u00a0 \u00a0 \u00a0 \u00a0 \u00a0 \u00a0 \u00a0 \u00a0 \u00a0 \u00a0 \u00a0 \u00a0 \u00a0 \u00a0 \u00a0 \u00a0 \u00a0 \u00a0 \u00a0 \u00a0 \u00a0 \u00a0 \u00a0 [&hellip;]<\/p>\n","protected":false},"author":1,"featured_media":0,"parent":0,"menu_order":0,"comment_status":"closed","ping_status":"closed","template":"elementor_header_footer","meta":{"footnotes":""},"class_list":["post-322","page","type-page","status-publish","hentry"],"_links":{"self":[{"href":"https:\/\/www.elated-haslett.185-252-166-161.plesk.page\/index.php\/wp-json\/wp\/v2\/pages\/322","targetHints":{"allow":["GET"]}}],"collection":[{"href":"https:\/\/www.elated-haslett.185-252-166-161.plesk.page\/index.php\/wp-json\/wp\/v2\/pages"}],"about":[{"href":"https:\/\/www.elated-haslett.185-252-166-161.plesk.page\/index.php\/wp-json\/wp\/v2\/types\/page"}],"author":[{"embeddable":true,"href":"https:\/\/www.elated-haslett.185-252-166-161.plesk.page\/index.php\/wp-json\/wp\/v2\/users\/1"}],"replies":[{"embeddable":true,"href":"https:\/\/www.elated-haslett.185-252-166-161.plesk.page\/index.php\/wp-json\/wp\/v2\/comments?post=322"}],"version-history":[{"count":8,"href":"https:\/\/www.elated-haslett.185-252-166-161.plesk.page\/index.php\/wp-json\/wp\/v2\/pages\/322\/revisions"}],"predecessor-version":[{"id":815,"href":"https:\/\/www.elated-haslett.185-252-166-161.plesk.page\/index.php\/wp-json\/wp\/v2\/pages\/322\/revisions\/815"}],"wp:attachment":[{"href":"https:\/\/www.elated-haslett.185-252-166-161.plesk.page\/index.php\/wp-json\/wp\/v2\/media?parent=322"}],"curies":[{"name":"wp","href":"https:\/\/api.w.org\/{rel}","templated":true}]}}