{"id":307,"date":"2024-11-25T21:19:44","date_gmt":"2024-11-25T21:19:44","guid":{"rendered":"https:\/\/www.elated-haslett.185-252-166-161.plesk.page\/?page_id=307"},"modified":"2025-01-08T15:09:22","modified_gmt":"2025-01-08T15:09:22","slug":"stadtgarde","status":"publish","type":"page","link":"https:\/\/www.elated-haslett.185-252-166-161.plesk.page\/index.php\/stadtgarde\/","title":{"rendered":"Stadtgarde"},"content":{"rendered":"\t\t<div data-elementor-type=\"wp-page\" data-elementor-id=\"307\" class=\"elementor elementor-307\" data-elementor-post-type=\"page\">\n\t\t\t\t<div class=\"elementor-element elementor-element-b8655b2 e-flex e-con-boxed e-con e-parent\" data-id=\"b8655b2\" data-element_type=\"container\">\n\t\t\t\t\t<div class=\"e-con-inner\">\n\t\t<div class=\"elementor-element elementor-element-6047a74 e-con-full e-flex e-con e-child\" data-id=\"6047a74\" data-element_type=\"container\">\n\t\t\t\t<\/div>\n\t\t\t\t<div class=\"elementor-element elementor-element-7ec4f0c elementor-widget elementor-widget-theme-post-title elementor-page-title elementor-widget-heading\" data-id=\"7ec4f0c\" data-element_type=\"widget\" data-widget_type=\"theme-post-title.default\">\n\t\t\t\t<div class=\"elementor-widget-container\">\n\t\t\t\t\t<h1 class=\"elementor-heading-title elementor-size-default\">Stadtgarde<\/h1>\t\t\t\t<\/div>\n\t\t\t\t<\/div>\n\t\t\t\t<div class=\"elementor-element elementor-element-e748fbf elementor-widget elementor-widget-text-editor\" data-id=\"e748fbf\" data-element_type=\"widget\" data-widget_type=\"text-editor.default\">\n\t\t\t\t<div class=\"elementor-widget-container\">\n\t\t\t\t\t\t\t\t\t<h3><strong>Alexander Klement nun offiziell Kommandant<\/strong><\/h3><p>Im Rahmen des diesj\u00e4hrigen Corpsappells der Lechenicher Stadtgarde, dem Traditionscorps der Lechenicher Narrenzunft 1936 e.V., wurde Alexander Klement als neuer Kommandant offiziell von LNZ Pr\u00e4sident Michael Schmalen in sein neues Amt eingef\u00fchrt. Beim Einzug in den Saal gingen die Fahnen\/Standarten von LNZ und Stadtgarde vorweg nach Schmalen und Klement folgten die Mitglieder des gesch\u00e4ftsf\u00fchrenden LNZ Vorstandes. In seiner Laudatio stellte Schmalen den neuen Kommandanten kurz vor. Schmalen: so sparsam wie die LNZ mit ihren Pr\u00e4sidenten umgeht h\u00e4lt es auch die Stadtgarde mit ihren Kommandanten, Klement ist erst der 3. Kommandant in der 25-j\u00e4hrigen Geschichte des Traditionscorps. Klement wurde 1973 in K\u00f6ln geboren ist aber trotz noch junger Jahre durchaus als Ur-Lechenicher zu bezeichnen. Nach dem Kindergarten St. Kilian der S\u00fcdschule und dem Gymnasium studierte er auf Grundschullehramt und zus\u00e4tzlich noch Sonderp\u00e4dagogik. Seit 2000 ist er an der F\u00f6rderschule in Z\u00fclpich-B\u00fcrvenich. Seit 2006 ist er mit seiner Frau Bettina verheiratet die beiden haben zwei Kinder. Viele Jahre engagierte sich Klement in der KJG St. Kilian. 2008 trat er in die Stadtgarde ein und tanzte bis 2020 als Showt\u00e4nzer mit, seit 2017 geh\u00f6rte er dem Gardestab an. Im September 2020 w\u00e4hlten ihn die Stadtgrademitglieder zu ihren neuen Kommandanten. Corona bedingt konnte der letztj\u00e4hrige Corpsappell nicht stattfinden, sodass die Ernennung mit \u00dcbergabe der Kommandantenkette nun erfolgte.<\/p><p><img decoding=\"async\" src=\"https:\/\/www.lechenicher-narrenzunft.de\/data\/uploads\/2021\/LNZ_Ernennung_Staadtgarde_Kommandant_IMG_2280.jpg\" alt=\"\" \/><\/p>\t\t\t\t\t\t\t\t<\/div>\n\t\t\t\t<\/div>\n\t\t<div class=\"elementor-element elementor-element-213bd07 e-grid e-con-full e-con e-child\" data-id=\"213bd07\" data-element_type=\"container\">\n\t\t\t\t<\/div>\n\t\t\t\t\t<\/div>\n\t\t\t\t<\/div>\n\t\t\t\t<\/div>\n\t\t","protected":false},"excerpt":{"rendered":"<p>Alexander Klement nun offiziell Kommandant Im Rahmen des diesj\u00e4hrigen Corpsappells der Lechenicher Stadtgarde, dem Traditionscorps der Lechenicher Narrenzunft 1936 e.V., wurde Alexander Klement als neuer Kommandant offiziell von LNZ Pr\u00e4sident Michael Schmalen in sein neues Amt eingef\u00fchrt. Beim Einzug in den Saal gingen die Fahnen\/Standarten von LNZ und Stadtgarde vorweg nach Schmalen und Klement folgten [&hellip;]<\/p>\n","protected":false},"author":1,"featured_media":0,"parent":0,"menu_order":0,"comment_status":"closed","ping_status":"closed","template":"elementor_header_footer","meta":{"footnotes":""},"class_list":["post-307","page","type-page","status-publish","hentry"],"_links":{"self":[{"href":"https:\/\/www.elated-haslett.185-252-166-161.plesk.page\/index.php\/wp-json\/wp\/v2\/pages\/307","targetHints":{"allow":["GET"]}}],"collection":[{"href":"https:\/\/www.elated-haslett.185-252-166-161.plesk.page\/index.php\/wp-json\/wp\/v2\/pages"}],"about":[{"href":"https:\/\/www.elated-haslett.185-252-166-161.plesk.page\/index.php\/wp-json\/wp\/v2\/types\/page"}],"author":[{"embeddable":true,"href":"https:\/\/www.elated-haslett.185-252-166-161.plesk.page\/index.php\/wp-json\/wp\/v2\/users\/1"}],"replies":[{"embeddable":true,"href":"https:\/\/www.elated-haslett.185-252-166-161.plesk.page\/index.php\/wp-json\/wp\/v2\/comments?post=307"}],"version-history":[{"count":10,"href":"https:\/\/www.elated-haslett.185-252-166-161.plesk.page\/index.php\/wp-json\/wp\/v2\/pages\/307\/revisions"}],"predecessor-version":[{"id":806,"href":"https:\/\/www.elated-haslett.185-252-166-161.plesk.page\/index.php\/wp-json\/wp\/v2\/pages\/307\/revisions\/806"}],"wp:attachment":[{"href":"https:\/\/www.elated-haslett.185-252-166-161.plesk.page\/index.php\/wp-json\/wp\/v2\/media?parent=307"}],"curies":[{"name":"wp","href":"https:\/\/api.w.org\/{rel}","templated":true}]}}